{"id":1281,"date":"2022-08-10T14:22:07","date_gmt":"2022-08-10T12:22:07","guid":{"rendered":"https:\/\/carnalsteakhouse.com\/?page_id=1281"},"modified":"2023-10-18T16:34:51","modified_gmt":"2023-10-18T14:34:51","slug":"politica-de-privacidad","status":"publish","type":"page","link":"https:\/\/carnalsteakhouse.com\/ca\/politica-de-privacidad\/","title":{"rendered":"Pol\u00edtica de privacidad"},"content":{"rendered":"<section class=\"l-section wpb_row height_medium\"><div class=\"l-section-h i-cf\"><div class=\"g-cols vc_row via_grid cols_1 laptops-cols_inherit tablets-cols_inherit mobiles-cols_1 valign_top type_default stacking_default\"><div class=\"wpb_column vc_column_container\"><div class=\"vc_column-inner\"><h2 class=\"w-post-elm post_title entry-title\">Pol\u00edtica de privacidad<\/h2><div class=\"wpb_text_column\"><div class=\"wpb_wrapper\"><ol>\n<li><strong>Tratamiento de datos de car\u00e1cter personal<\/strong><\/li>\n<\/ol>\n<p>En cumplimiento de lo establecido en el Reglamento (UE) 2016\/679 del Parlamento Europeo y del Consejo, de 27 de abril de 2016, General de Protecci\u00f3n de Datos, y en todo aquello que no contravenga la se\u00f1alada regulaci\u00f3n, en la Ley Org\u00e1nica 3\/2018, de Protecci\u00f3n de Datos de Car\u00e1cter Personal y Garant\u00eda de Derechos Digitales (en lo sucesivo, \u201cLOPD\u201d), el titular del servicio informa a los usuarios de esta web de lo siguiente:<\/p>\n<ol start=\"2\">\n<li><strong>Responsable del tratamiento<\/strong><\/li>\n<\/ol>\n<ul>\n<li>Denominaci\u00f3n social: GRANADOS 52 INVERSIONES, S.L.<\/li>\n<li>NIF: B-67565911.<\/li>\n<li>Domicilio social: calle Enric Granados, n\u00fam. 52 (08008) Barcelona (Barcelona), Espa\u00f1a.<\/li>\n<li>Email de contacto: <a href=\"mailto:administraci%C3%B3n@carnalsteakhouse.com\">administraci\u00f3n@carnalsteakhouse.com<\/a>.<\/li>\n<\/ul>\n<p>En adelante, el \u201c<strong>Responsable del Tratamiento<\/strong>\u201d.<\/p>\n<ol start=\"3\">\n<li><strong>Finalidades del tratamiento y base legal<\/strong><\/li>\n<\/ol>\n<p>El Responsable del Tratamiento podr\u00e1 tratar los datos personales que los usuarios faciliten a trav\u00e9s del e-mail de contacto, mediante llamada telef\u00f3nica al n\u00famero se\u00f1alado en el sitio web o los aportados en el mismo establecimiento, para las siguientes finalidades:<\/p>\n<ol>\n<li>Realizar y gestionar (por ejemplo, modificar, anular, volver a reservar) reservas en nuestro establecimiento.<\/li>\n<li>Gestionar las consultas, solicitudes o peticiones planteadas por los usuarios.<\/li>\n<\/ol>\n<ul>\n<li>En determinadas circunstancias, para el cumplimiento de un requerimiento legal.<\/li>\n<\/ul>\n<p>Al facilitar estos datos, el usuario consiente y autoriza expresamente al titular del servicio para que recoja y trate los pertinentes datos de car\u00e1cter personal que se le solicitan de conformidad con las finalidades y bajo las condiciones que en cada supuesto se demande, constituy\u00e9ndose este consentimiento como base de legitimaci\u00f3n del tratamiento. Asimismo, sus datos podr\u00e1n ser utilizados para la aplicaci\u00f3n de medidas precontractuales cuando utilice nuestros servicios y, en determinadas circunstancias, se podr\u00e1n tratar los datos personales del usuario por obligaci\u00f3n legal o bajo acreditaci\u00f3n de un inter\u00e9s leg\u00edtimo de nuestro servicio, incluyendo la identificaci\u00f3n de los comensales.<\/p>\n<ol start=\"4\">\n<li><strong>Comunicaci\u00f3n de los datos<\/strong><\/li>\n<\/ol>\n<p>Los datos del usuario podr\u00e1n cederse a terceros cuando exista una obligaci\u00f3n legal (autoridades administrativas, jueces y tribunales, Fuerzas y cuerpos de seguridad). Asimismo, podr\u00e1n tener acceso a los datos personales del usuario los encargados del tratamiento del Responsable del Tratamiento, esto es, los prestadores de servicios que, para el desarrollo de sus funciones, tengan que acceder a los datos. Los prestadores de servicios que acceden a sus datos personales, con car\u00e1cter general, se dedican al sector administrativo y contable.<\/p>\n<ol start=\"5\">\n<li><strong>Conservaci\u00f3n de los datos<\/strong><\/li>\n<\/ol>\n<p>El titular del servicio tratar\u00e1 los citados datos personales de conformidad con las finalidades informadas y bajo las condiciones que se\u00f1ala la normativa aplicable, durante el tiempo estrictamente necesario para cumplir con las finalidades informadas, as\u00ed como para el cumplimiento de las obligaciones legales que se deriven del tratamiento de los datos.<\/p>\n<ol start=\"6\">\n<li><strong>Ejercicio de derechos<\/strong><\/li>\n<\/ol>\n<p>El usuario tiene capacidad para ejercer sus derechos de acceso, rectificaci\u00f3n, supresi\u00f3n, limitaci\u00f3n y revocaci\u00f3n de su consentimiento, por lo que la informaci\u00f3n facilitada tiene un car\u00e1cter revocable. El ejercicio de estos derechos podr\u00e1 efectuarse a trav\u00e9s de medios digitales, mediante el env\u00edo de un correo electr\u00f3nico al email , indicando, en ambos casos, como referencia \u201cdatos personales\u201d y el concreto derecho en que versen su pretensi\u00f3n. Al tratarse de ejercicios de derechos de car\u00e1cter personal\u00edsimo, es posible que se le requiera, con su solicitud, acompa\u00f1ar copia de su documento de identificaci\u00f3n (DNI, NIF o pasaporte).<\/p>\n<p>En su caso, tambi\u00e9n podr\u00e1 dirigirse a la autoridad de control que corresponda.<\/p>\n<ol start=\"7\">\n<li><strong>Medidas de seguridad<\/strong><\/li>\n<\/ol>\n<p>La informaci\u00f3n ser\u00e1 guardada y gestionada por el titular del servicio con las medidas t\u00e9cnicas y organizativas de seguridad necesarias para garantizar la debida confidencialidad, integridad, disponibilidad y resiliencia de los sistemas utilizados, cumpliendo las disposiciones que se establecen en la normativa aplicable.<\/p>\n<p>&nbsp;<\/p>\n<\/div><\/div><\/div><\/div><\/div><\/div><\/section>\n","protected":false},"excerpt":{"rendered":"Pol\u00edtica de privacidad Tratamiento de datos de car\u00e1cter personal En cumplimiento de lo establecido en el Reglamento (UE) 2016\/679 del Parlamento Europeo y del Consejo, de 27 de abril de 2016, General de Protecci\u00f3n de Datos, y en todo aquello que no contravenga la se\u00f1alada regulaci\u00f3n, en la Ley Org\u00e1nica 3\/2018, de Protecci\u00f3n de Datos...","protected":false},"author":1,"featured_media":0,"parent":0,"menu_order":0,"comment_status":"closed","ping_status":"open","template":"","meta":{"footnotes":""},"class_list":["post-1281","page","type-page","status-publish","hentry"],"_links":{"self":[{"href":"https:\/\/carnalsteakhouse.com\/ca\/wp-json\/wp\/v2\/pages\/1281","targetHints":{"allow":["GET"]}}],"collection":[{"href":"https:\/\/carnalsteakhouse.com\/ca\/wp-json\/wp\/v2\/pages"}],"about":[{"href":"https:\/\/carnalsteakhouse.com\/ca\/wp-json\/wp\/v2\/types\/page"}],"author":[{"embeddable":true,"href":"https:\/\/carnalsteakhouse.com\/ca\/wp-json\/wp\/v2\/users\/1"}],"replies":[{"embeddable":true,"href":"https:\/\/carnalsteakhouse.com\/ca\/wp-json\/wp\/v2\/comments?post=1281"}],"version-history":[{"count":3,"href":"https:\/\/carnalsteakhouse.com\/ca\/wp-json\/wp\/v2\/pages\/1281\/revisions"}],"predecessor-version":[{"id":1291,"href":"https:\/\/carnalsteakhouse.com\/ca\/wp-json\/wp\/v2\/pages\/1281\/revisions\/1291"}],"wp:attachment":[{"href":"https:\/\/carnalsteakhouse.com\/ca\/wp-json\/wp\/v2\/media?parent=1281"}],"curies":[{"name":"wp","href":"https:\/\/api.w.org\/{rel}","templated":true}]}}