{"id":1294,"date":"2023-10-18T16:38:04","date_gmt":"2023-10-18T14:38:04","guid":{"rendered":"https:\/\/carnalsteakhouse.com\/?page_id=1294"},"modified":"2023-10-18T16:38:34","modified_gmt":"2023-10-18T14:38:34","slug":"politica-de-cookies","status":"publish","type":"page","link":"https:\/\/carnalsteakhouse.com\/ca\/politica-de-cookies\/","title":{"rendered":"Pol\u00edtica de cookies"},"content":{"rendered":"<section class=\"l-section wpb_row height_medium\"><div class=\"l-section-h i-cf\"><div class=\"g-cols vc_row via_grid cols_1 laptops-cols_inherit tablets-cols_inherit mobiles-cols_1 valign_top type_default stacking_default\"><div class=\"wpb_column vc_column_container\"><div class=\"vc_column-inner\"><h2 class=\"w-post-elm post_title entry-title\">Pol\u00edtica de cookies<\/h2><div class=\"wpb_text_column\"><div class=\"wpb_wrapper\"><p>Una Cookie es un peque\u00f1o fragmento de texto que los sitios web que visitas env\u00edan al navegador y que permite que el sitio web recuerde informaci\u00f3n sobre tu visita, como tu idioma preferido y otras opciones, lo que puede facilitar tu pr\u00f3xima visita y hacer que el sitio te resulte m\u00e1s \u00fatil.<\/p>\n<p>Las Cookies desempe\u00f1an un papel muy importante, ya que, sin ellas, el uso de la Web ser\u00eda una experiencia menos satisfactoria.<\/p>\n<p>Si prefieres bloquear las Cookies en tu navegador, puedes hacerlo modificando los ajustes. Sin embargo, esto puede impedir el correcto funcionamiento de algunas partes de nuestra web, ya que cumplen un papel esencial para la prestaci\u00f3n de nuestros servicios.<\/p>\n<h4>Tipos de Cookies utilizadas<\/h4>\n<p>Utilizamos diferentes tipos de Cookies para el funcionamiento de nuestra p\u00e1gina web. Una parte o la totalidad de las Cookies identificadas a continuaci\u00f3n se pueden almacenar en tu navegador:<\/p>\n<ul>\n<li><strong>Cookies t\u00e9cnicas:<\/strong>son aquellas necesarias para la navegaci\u00f3n y el buen funcionamiento de nuestra p\u00e1gina web. Permiten, por ejemplo, controlar el tr\u00e1fico y la comunicaci\u00f3n de datos, acceder a partes de acceso restringido, utilizar elementos de seguridad, almacenar contenidos para poder difundir v\u00eddeos o compartir contenidos a trav\u00e9s de redes sociales.<\/li>\n<\/ul>\n<ul>\n<li><strong>Cookies de personalizaci\u00f3n:<\/strong>son aqu\u00e9llas que te permiten acceder al servicio con unas caracter\u00edsticas predefinidas en funci\u00f3n de una serie de criterios, como, por ejemplo, el idioma, el tipo de navegador a trav\u00e9s del cual se accede al servicio, la configuraci\u00f3n regional desde donde se accede al servicio, etc.<\/li>\n<\/ul>\n<ul>\n<li><strong>Cookies de an\u00e1lisis:<\/strong>son aqu\u00e9llas que nos permiten cuantificar el n\u00famero de usuarios y as\u00ed realizar la medici\u00f3n y an\u00e1lisis estad\u00edstico de la utilizaci\u00f3n que hacen los usuarios de los servicios prestados. Para ello, se analiza su navegaci\u00f3n en nuestra p\u00e1gina web con el fin de mejorar la oferta de productos y\/o servicios que ofrecemos.<\/li>\n<\/ul>\n<ul>\n<li><strong>Cookies de publicidad:<\/strong>son aqu\u00e9llas que permiten la gesti\u00f3n, de la forma m\u00e1s eficaz posible, de los espacios publicitarios que, en su caso, el editor haya incluido en una p\u00e1gina web, aplicaci\u00f3n o plataforma desde la que presta el servicio solicitado. Estas Cookies almacenan informaci\u00f3n del comportamiento de los usuarios obtenida a trav\u00e9s de la observaci\u00f3n continuada de sus h\u00e1bitos de navegaci\u00f3n, lo que permite desarrollar un perfil espec\u00edfico para mostrar publicidad en funci\u00f3n del mismo.<\/li>\n<\/ul>\n<p>Las Cookies utilizadas en nuestra p\u00e1gina web pueden ser:<\/p>\n<ul>\n<li><strong>Cookies propias:<\/strong>son aquellas que se env\u00edan a tu equipo desde nuestros propios equipos o dominios y desde el que prestamos el servicio que nos solicitas.<\/li>\n<\/ul>\n<ul>\n<li><strong>Cookies de terceros:<\/strong>son aquellas que se env\u00edan a tu equipo desde un equipo o dominio que no es gestionado por nosotros, sino por otra entidad colaboradora como, por ejemplo, las usadas por redes sociales o por contenido externo como Google Analytics.<\/li>\n<\/ul>\n<h4>Desactivar y\/o bloquear las Cookies<\/h4>\n<p>Puedes permitir, bloquear o eliminar las Cookies instaladas en tu equipo mediante la configuraci\u00f3n de las opciones de tu navegador de Internet.<\/p>\n<p>En caso de que no permitas la instalaci\u00f3n de Cookies en tu navegador es posible que no puedas acceder a algunos de los servicios y que tu experiencia en nuestra web pueda resultar menos satisfactoria.<\/p>\n<p>En los siguientes enlaces tienes a tu disposici\u00f3n toda la informaci\u00f3n para configurar o deshabilitar las Cookies en cada navegador:<\/p>\n<ul>\n<li><a href=\"http:\/\/support.google.com\/chrome\/answer\/95647\">Google Chrome<\/a><\/li>\n<li><a href=\"http:\/\/support.mozilla.org\/es\/kb\/habilitar-y-deshabilitar-cookies-que-los-sitios-we\">Mozilla Firefox<\/a><\/li>\n<li><a href=\"http:\/\/windows.microsoft.com\/es-es\/windows-vista\/block-or-allow-cookies\">Internet Explorer<\/a><\/li>\n<li><a href=\"https:\/\/support.apple.com\/kb\/PH19214\">Safari<\/a><\/li>\n<li><a href=\"http:\/\/support.apple.com\/kb\/ht1677\">Safari para iOS<\/a><\/li>\n<li><a href=\"http:\/\/support.google.com\/chrome\/answer\/2392971\">Chrome para Android<\/a><\/li>\n<\/ul>\n<h4>Utilizaci\u00f3n de Cookies en el sitio web<\/h4>\n<p>Este sitio web utiliza aquellas Cookies estrictamente necesarias para su correcto funcionamiento y para realizar estad\u00edsticas de uso web.<\/p>\n<p>El almacenamiento y tratamiento de la informaci\u00f3n as\u00ed obtenida obedece a una finalidad t\u00e9cnica, a fin de efectuar la transmisi\u00f3n de una comunicaci\u00f3n por una red de comunicaciones electr\u00f3nicas, as\u00ed como poder llevar a cabo la prestaci\u00f3n de un servicio de la sociedad de la informaci\u00f3n expresamente solicitado por el usuario registrado.<\/p>\n<p>El propio usuario puede decidir respecto del uso o no de Cookies de personalizaci\u00f3n que recuerden su interacci\u00f3n con el sistema de reservas.<\/p>\n<p>En cualquier caso, el usuario puede acceder al men\u00fa de preferencias de su navegador y configurarlo para que no se instalen Cookies, borrar las ya existentes y\/o eliminarlas antes de iniciar la navegaci\u00f3n por otras p\u00e1ginas del sitio web. Asimismo, puede utilizar herramientas de bloqueo de cookies de rastreo como Do Not Track.<\/p>\n<\/div><\/div><\/div><\/div><\/div><\/div><\/section>\n","protected":false},"excerpt":{"rendered":"Pol\u00edtica de cookiesUna Cookie es un peque\u00f1o fragmento de texto que los sitios web que visitas env\u00edan al navegador y que permite que el sitio web recuerde informaci\u00f3n sobre tu visita, como tu idioma preferido y otras opciones, lo que puede facilitar tu pr\u00f3xima visita y hacer que el sitio te resulte m\u00e1s \u00fatil. Las...","protected":false},"author":1,"featured_media":0,"parent":0,"menu_order":0,"comment_status":"closed","ping_status":"open","template":"","meta":{"footnotes":""},"class_list":["post-1294","page","type-page","status-publish","hentry"],"_links":{"self":[{"href":"https:\/\/carnalsteakhouse.com\/ca\/wp-json\/wp\/v2\/pages\/1294","targetHints":{"allow":["GET"]}}],"collection":[{"href":"https:\/\/carnalsteakhouse.com\/ca\/wp-json\/wp\/v2\/pages"}],"about":[{"href":"https:\/\/carnalsteakhouse.com\/ca\/wp-json\/wp\/v2\/types\/page"}],"author":[{"embeddable":true,"href":"https:\/\/carnalsteakhouse.com\/ca\/wp-json\/wp\/v2\/users\/1"}],"replies":[{"embeddable":true,"href":"https:\/\/carnalsteakhouse.com\/ca\/wp-json\/wp\/v2\/comments?post=1294"}],"version-history":[{"count":2,"href":"https:\/\/carnalsteakhouse.com\/ca\/wp-json\/wp\/v2\/pages\/1294\/revisions"}],"predecessor-version":[{"id":1300,"href":"https:\/\/carnalsteakhouse.com\/ca\/wp-json\/wp\/v2\/pages\/1294\/revisions\/1300"}],"wp:attachment":[{"href":"https:\/\/carnalsteakhouse.com\/ca\/wp-json\/wp\/v2\/media?parent=1294"}],"curies":[{"name":"wp","href":"https:\/\/api.w.org\/{rel}","templated":true}]}}