{"id":1304,"date":"2023-10-18T16:41:58","date_gmt":"2023-10-18T14:41:58","guid":{"rendered":"https:\/\/carnalsteakhouse.com\/?page_id=1304"},"modified":"2023-10-18T16:41:58","modified_gmt":"2023-10-18T14:41:58","slug":"aviso-legal","status":"publish","type":"page","link":"https:\/\/carnalsteakhouse.com\/en\/aviso-legal\/","title":{"rendered":"Aviso legal"},"content":{"rendered":"<section class=\"l-section wpb_row height_medium\"><div class=\"l-section-h i-cf\"><div class=\"g-cols vc_row via_grid cols_1 laptops-cols_inherit tablets-cols_inherit mobiles-cols_1 valign_top type_default stacking_default\"><div class=\"wpb_column vc_column_container\"><div class=\"vc_column-inner\"><h2 class=\"w-post-elm post_title entry-title\">Aviso legal<\/h2><div class=\"wpb_text_column\"><div class=\"wpb_wrapper\"><ol>\n<li><strong>Titular del Servicio<\/strong><\/li>\n<\/ol>\n<p>En cumplimiento con el deber de informaci\u00f3n recogido en art\u00edculo 10 de la Ley 34\/2002, de 11 de julio, de Servicios de la Sociedad de la Informaci\u00f3n y del Comercio Electr\u00f3nico, a continuaci\u00f3n, le informamos de los datos del titular del presente sitio web <a href=\"https:\/\/www.carnalsteakhouse.com\">www.carnalsteakhouse.com<\/a> (en adelante, el \u201c<strong>Sitio Web<\/strong>\u201d):<\/p>\n<ul>\n<li>Denominaci\u00f3n social: GRANADOS 52 INVERSIONES, S.L.<\/li>\n<li>NIF: B-67565911.<\/li>\n<li>Domicilio social: calle Enric Granados, n\u00fam. 52 (08008) Barcelona (Barcelona), Espa\u00f1a.<\/li>\n<li>Datos de inscripci\u00f3n: Registro Mercantil de Barcelona, tomo 47.235, folio 26, hoja 545.604.<\/li>\n<\/ul>\n<p>En adelante, el \u201c<strong>Titular<\/strong>\u201d.<\/p>\n<p>La direcci\u00f3n de correo electr\u00f3nico de contacto del Titular es <a href=\"mailto:administraci%C3%B3n@carnalsteakhouse.com\">administraci\u00f3n@carnalsteakhouse.com<\/a>.<\/p>\n<ol start=\"2\">\n<li><strong>Aceptaci\u00f3n del Usuario<\/strong><\/li>\n<\/ol>\n<p>El presente Aviso Legal regula el uso del Sitio Web <a href=\"https:\/\/carnalsteakhouse.com\/en\/\">https:\/\/carnalsteakhouse.com\/<\/a>.<\/p>\n<p>Se considera usuario a la persona que acceda, navegue, utilice o participe en los servicios y actividades del Sitio Web (en adelante, el \u201c<strong>Usuario<\/strong>\u201d).<\/p>\n<p>La navegaci\u00f3n por el Sitio Web por parte del Usuario implica la aceptaci\u00f3n plena y sin reservas de todas y cada una de las disposiciones incluidas en este Aviso Legal, as\u00ed como de la Pol\u00edtica de Privacidad y de Pol\u00edtica de Cookies establecidas en el Sitio Web. Al hacer uso de este Sitio Web, el Usuario consiente el tratamiento de dicha informaci\u00f3n y datos y declara que toda la informaci\u00f3n o datos que facilite son veraces y se corresponden con la realidad.<\/p>\n<ol start=\"3\">\n<li><strong>Condiciones de Uso<\/strong><\/li>\n<\/ol>\n<p>El Usuario se obliga a hacer un uso correcto del Sitio Web de conformidad con las leyes vigentes, la buena fe, el orden p\u00fablico, los usos del tr\u00e1fico y el presente Aviso Legal. El Usuario responder\u00e1 frente al Titular o frente a terceros, de cualesquiera da\u00f1os y perjuicios que pudieran causarse como consecuencia del incumplimiento de dicha obligaci\u00f3n.<\/p>\n<p>El Usuario garantiza la autenticidad y actualidad de todos aquellos datos que comunique al Titular y ser\u00e1 el \u00fanico responsable de las manifestaciones falsas o inexactas que realice.<\/p>\n<p>El uso de cualquiera de los contenidos del Sitio Web con finalidades que sean o pudieran ser il\u00edcitas queda totalmente prohibido, as\u00ed como la realizaci\u00f3n de cualquier acci\u00f3n que cause o pueda causar da\u00f1os o alteraciones de cualquier tipo al Sitio Web o a sus contenidos, no consentidas por el Titular.<\/p>\n<p>El Titular no se identifica con las opiniones vertidas en el mismo por sus colaboradores. El Titular se reserva el derecho de efectuar, sin previo aviso, las modificaciones que considere oportunas en su Sitio Web, pudiendo cambiar, suprimir o a\u00f1adir tanto los contenidos y servicios que se presten a trav\u00e9s del mismo como la forma en la que \u00e9stos aparezcan presentados o localizados en sus servidores.<\/p>\n<ol start=\"4\">\n<li><strong>Propiedad intelectual e industrial<\/strong><\/li>\n<\/ol>\n<p>Los derechos de propiedad intelectual e industrial del contenido del Sitio Web, su dise\u00f1o gr\u00e1fico y c\u00f3digos son titularidad del Titular y, por tanto, queda prohibida su reproducci\u00f3n, distribuci\u00f3n, comunicaci\u00f3n p\u00fablica, transformaci\u00f3n o cualquier otra actividad que se realice con los contenidos del Sitio Web, ni siquiera, aunque se citen las fuentes, salvo que se cuente con el consentimiento previo, expreso y por escrito del Titular. Todos los nombres comerciales, marcas o signos distintos de cualquier clase contenidos en el Sitio Web del Titular son propiedad de sus due\u00f1os y est\u00e1n protegidos por ley.<\/p>\n<p>El Titular no se responsabiliza del uso que cada Usuario le d\u00e9 a los materiales puestos a disposici\u00f3n en este Sitio Web ni de las actuaciones que realice en base a los mismos.<\/p>\n<ol start=\"5\">\n<li><strong>Pol\u00edtica de Reservas y Cancelaci\u00f3n<\/strong><\/li>\n<\/ol>\n<p>Los Usuarios podr\u00e1n realizar sus reservas por los diferentes medios puestos a disposici\u00f3n para tal fin.<\/p>\n<p>Para realizar una reserva, el Titular necesitar\u00e1 la obtenci\u00f3n de algunos datos personales del Usuario. Los datos proporcionados por el Usuario deber\u00e1n ser exactos, actuales y veraces y el Titular realizar\u00e1 el tratamiento de los datos conforme a lo previsto en la <a href=\"https:\/\/carnalsteakhouse.com\/en\/politica-de-privacidad\/\">Pol\u00edtica de Privacidad<\/a>.<\/p>\n<p>El servicio de reserva tiene por finalidad la reserva de un servicio en el establecimiento del Titular. No es posible garantizar una determinada ubicaci\u00f3n en el momento de la reserva. La reserva ser\u00e1 cancelada autom\u00e1ticamente ante retrasos que superen los 15 minutos.<\/p>\n<p>Ciertas reservas podr\u00e1n requerir la aceptaci\u00f3n de una Pol\u00edtica de Cancelaci\u00f3n indicando, en su caso, las condiciones de la misma durante el proceso de reserva.<\/p>\n<ol start=\"6\">\n<li><strong>Exclusi\u00f3n de Usuarios<\/strong><\/li>\n<\/ol>\n<p>El Titular se reserva el derecho de denegar una reserva a un Usuario de forma discrecional y cuando lo considere oportuno, para mejorar la operativa del servicio que presta. Por ejemplo, y sin car\u00e1cter limitativo, el Titular podr\u00e1 denegar una reserva cuando un mismo Usuario realice m\u00faltiples reservas o cuando el Usuario tenga un historial de incumplimiento de tales reservas, notificando previamente dicha circunstancia al Usuario afectado.<\/p>\n<ol start=\"7\">\n<li><strong>Responsabilidades y garant\u00edas<\/strong><\/li>\n<\/ol>\n<p>El contenido del presente Sitio Web es de car\u00e1cter general y tiene una finalidad meramente informativa, sin que se garantice plenamente el acceso a todos los contenidos, ni su exhaustividad, correcci\u00f3n, vigencia o actualidad, ni su idoneidad o utilidad para un objetivo espec\u00edfico. El Titular no se hace responsable de los da\u00f1os y perjuicios de toda naturaleza derivados de:<\/p>\n<ol>\n<li>La imposibilidad de acceso al Sitio Web o la falta de veracidad, exactitud y\/o actualidad de los contenidos, as\u00ed como la existencia de vicios y defectos de toda clase de los contenidos a los que se haya accedido a trav\u00e9s del Sitio Web o de los servicios que se ofrecen.<\/li>\n<li>La presencia de virus o de otros elementos da\u00f1inos.<\/li>\n<li>El incumplimiento de las leyes, la buena fe, el orden p\u00fablico, los usos del tr\u00e1fico y el presente Aviso Legal como consecuencia del uso incorrecto del Sitio Web.<\/li>\n<li>El uso por menores de edad del Sitio Web o del env\u00edo de sus datos personales sin el permiso de sus tutores, siendo los tutores responsables del uso que hagan de Internet. Los contenidos a los que el Usuario pueda acceder a trav\u00e9s de enlaces no autorizados o introducidos por Usuarios mediante comentarios o herramientas similares.<\/li>\n<li>La introducci\u00f3n de datos err\u00f3neos por parte del Usuario o de un tercero.<\/li>\n<\/ol>\n<p>El Titular podr\u00e1 suspender, temporalmente y sin previo aviso, la accesibilidad al Sitio Web con motivo de operaciones de mantenimiento, reparaci\u00f3n, actualizaci\u00f3n o mejora. No obstante, siempre que las circunstancias lo permitan, el Titular comunicar\u00e1 al Usuario, con antelaci\u00f3n suficiente, la fecha prevista para la suspensi\u00f3n de los contenidos.<\/p>\n<p>Asimismo, el Titular se compromete a la eliminaci\u00f3n o, en su caso, bloqueo de los contenidos que pudieran afectar o ser contrarios a la legislaci\u00f3n vigente, los derechos de terceros o la moral y orden p\u00fablico.<\/p>\n<p>Asimismo, el Titular declina cualquier responsabilidad respecto a la informaci\u00f3n que se halle fuera de este Sitio Web y no sea gestionada directamente por nuestro webmaster. La funci\u00f3n de los links que aparecen en esta web es exclusivamente la de informar al usuario sobre la existencia de otras fuentes susceptibles de ampliar los contenidos que ofrece este Sitio Web. El Titular no garantiza ni se responsabiliza del funcionamiento o accesibilidad de los sitios enlazados; ni sugiere, invita o recomienda la visita a los mismos, por lo que tampoco ser\u00e1 responsable del resultado obtenido. El Titular no se responsabiliza del establecimiento de hiperv\u00ednculos por parte de terceros.<\/p>\n<ol start=\"8\">\n<li><strong>Legislaci\u00f3n aplicable y jurisdicci\u00f3n competente<\/strong><\/li>\n<\/ol>\n<p>La relaci\u00f3n entre el Titular y el Usuario se regir\u00e1 por la normativa correspondiente al lugar del establecimiento vigente e informado en el Aviso Legal y cualquier controversia se someter\u00e1 a los Juzgados y Tribunales del domicilio del Titular.<\/p>\n<p>&nbsp;<\/p>\n<p>&nbsp;<\/p>\n<\/div><\/div><\/div><\/div><\/div><\/div><\/section>\n","protected":false},"excerpt":{"rendered":"Aviso legal Titular del Servicio En cumplimiento con el deber de informaci\u00f3n recogido en art\u00edculo 10 de la Ley 34\/2002, de 11 de julio, de Servicios de la Sociedad de la Informaci\u00f3n y del Comercio Electr\u00f3nico, a continuaci\u00f3n, le informamos de los datos del titular del presente sitio web www.carnalsteakhouse.com (en adelante, el \u201cSitio Web\u201d):...","protected":false},"author":1,"featured_media":0,"parent":0,"menu_order":0,"comment_status":"closed","ping_status":"open","template":"","meta":{"footnotes":""},"class_list":["post-1304","page","type-page","status-publish","hentry"],"_links":{"self":[{"href":"https:\/\/carnalsteakhouse.com\/en\/wp-json\/wp\/v2\/pages\/1304","targetHints":{"allow":["GET"]}}],"collection":[{"href":"https:\/\/carnalsteakhouse.com\/en\/wp-json\/wp\/v2\/pages"}],"about":[{"href":"https:\/\/carnalsteakhouse.com\/en\/wp-json\/wp\/v2\/types\/page"}],"author":[{"embeddable":true,"href":"https:\/\/carnalsteakhouse.com\/en\/wp-json\/wp\/v2\/users\/1"}],"replies":[{"embeddable":true,"href":"https:\/\/carnalsteakhouse.com\/en\/wp-json\/wp\/v2\/comments?post=1304"}],"version-history":[{"count":1,"href":"https:\/\/carnalsteakhouse.com\/en\/wp-json\/wp\/v2\/pages\/1304\/revisions"}],"predecessor-version":[{"id":1307,"href":"https:\/\/carnalsteakhouse.com\/en\/wp-json\/wp\/v2\/pages\/1304\/revisions\/1307"}],"wp:attachment":[{"href":"https:\/\/carnalsteakhouse.com\/en\/wp-json\/wp\/v2\/media?parent=1304"}],"curies":[{"name":"wp","href":"https:\/\/api.w.org\/{rel}","templated":true}]}}